{"id":75,"date":"2019-06-27T19:36:26","date_gmt":"2019-06-27T17:36:26","guid":{"rendered":"https:\/\/brametoder.se\/public\/?page_id=75"},"modified":"2025-01-24T10:34:40","modified_gmt":"2025-01-24T08:34:40","slug":"vara-tjanster","status":"publish","type":"page","link":"https:\/\/brametoder.se\/public\/vara-tjanster\/","title":{"rendered":"V\u00e5ra tj\u00e4nster"},"content":{"rendered":"<p>[et_pb_section fb_built=&#8221;1&#8243; _builder_version=&#8221;4.16&#8243; global_colors_info=&#8221;{}&#8221;][et_pb_row _builder_version=&#8221;4.16&#8243; background_size=&#8221;initial&#8221; background_position=&#8221;top_left&#8221; background_repeat=&#8221;repeat&#8221; global_colors_info=&#8221;{}&#8221;][et_pb_column type=&#8221;4_4&#8243; _builder_version=&#8221;4.16&#8243; custom_padding=&#8221;|||&#8221; global_colors_info=&#8221;{}&#8221; custom_padding__hover=&#8221;|||&#8221;][et_pb_text _builder_version=&#8221;4.16&#8243; min_height=&#8221;5px&#8221; custom_margin=&#8221;||-45px|||&#8221; custom_padding=&#8221;||3px|||&#8221; z_index_tablet=&#8221;500&#8243; global_colors_info=&#8221;{}&#8221;]<\/p>\n<h1>V\u00e5ra tj\u00e4nster<\/h1>\n<hr \/>\n<pre>\u00a0<\/pre>\n<p>[\/et_pb_text][\/et_pb_column][\/et_pb_row][et_pb_row _builder_version=&#8221;4.16&#8243; background_size=&#8221;initial&#8221; background_position=&#8221;top_left&#8221; background_repeat=&#8221;repeat&#8221; global_colors_info=&#8221;{}&#8221; column_structure=&#8221;1_3,1_3,1_3&#8243;][et_pb_column type=&#8221;1_3&#8243; _builder_version=&#8221;4.16&#8243; custom_padding=&#8221;|||&#8221; global_colors_info=&#8221;{}&#8221; custom_padding__hover=&#8221;|||&#8221;][et_pb_image src=&#8221;https:\/\/brametoder.se\/public\/wp-content\/uploads\/2019\/06\/handsup1.jpg&#8221; align_tablet=&#8221;center&#8221; align_last_edited=&#8221;on|desktop&#8221; _builder_version=&#8221;4.16&#8243; z_index_tablet=&#8221;500&#8243; global_colors_info=&#8221;{}&#8221; align_phone=&#8221;center&#8221;][\/et_pb_image][et_pb_text _builder_version=&#8221;4.16&#8243; z_index_tablet=&#8221;500&#8243; global_colors_info=&#8221;{}&#8221;]<\/p>\n<div id=\"WRchTxtj\" class=\"txtNew\" data-packed=\"false\">\n<h1 class=\"font_6\">Kurser<\/h1>\n<p class=\"font_8\">Vi har b\u00e5de f\u00e4rdiga och anpassade kurser. Vanligast \u00e4r introduktionskurser, d\u00e4r deltagarna under n\u00e5gra timmar f\u00e5r m\u00f6jlighet att pr\u00f6va ett urval av v\u00e5ra metoder. Vi ger \u00e4ven mer ing\u00e5ende kurser i olika metoder, bl.a. lateralt och parallellt t\u00e4nkande.<\/p>\n<p class=\"font_8\">F\u00f6r den som s\u00f6ker ett annorlunda och utvecklande inneh\u00e5ll f\u00f6r en Kick-Off, ett Team-building\u00adm\u00f6te eller motsvarande, \u00e4r en introduktionskurs i kreativitet fr\u00e5n <strong>BRA<\/strong> METODER ett givet val!<\/p>\n<\/div>\n<p>[\/et_pb_text][\/et_pb_column][et_pb_column type=&#8221;1_3&#8243; _builder_version=&#8221;4.16&#8243; custom_padding=&#8221;|||&#8221; global_colors_info=&#8221;{}&#8221; custom_padding__hover=&#8221;|||&#8221;][et_pb_image src=&#8221;https:\/\/brametoder.se\/public\/wp-content\/uploads\/2019\/06\/workshop.jpg&#8221; align_tablet=&#8221;center&#8221; align_last_edited=&#8221;on|desktop&#8221; _builder_version=&#8221;4.16&#8243; z_index_tablet=&#8221;500&#8243; global_colors_info=&#8221;{}&#8221; align_phone=&#8221;center&#8221;][\/et_pb_image][et_pb_text _builder_version=&#8221;4.16&#8243; z_index_tablet=&#8221;500&#8243; global_colors_info=&#8221;{}&#8221;]<\/p>\n<h1><span class=\"font_6\">Projekt<\/span><\/h1>\n<p><span class=\"font_8\">Alla verksamheter m\u00e5ste driva <\/span><span class=\"font_8\">utvecklings- eller f\u00f6r\u00e4ndringsprojekt <\/span><span class=\"font_8\">f\u00f6r att bibeh\u00e5lla sin konkurrenskraft. Det finns ett stort behov av metoder och ansatser f\u00f6r att formulera\u00a0 id\u00e9er om framtiden. <\/span><\/p>\n<p><span class=\"font_8\">En kreativitetsh\u00f6jande workshop kan vara ett sp\u00e4nnande komplement till andra typer av insatser f\u00f6r att f\u00e5 en projektgrupp mer produktiv och \u00f6ka innovationsf\u00f6rm\u00e5gan.<\/span><\/p>\n<p>[\/et_pb_text][\/et_pb_column][et_pb_column type=&#8221;1_3&#8243; _builder_version=&#8221;4.16&#8243; custom_padding=&#8221;|||&#8221; global_colors_info=&#8221;{}&#8221; custom_padding__hover=&#8221;|||&#8221;][et_pb_image src=&#8221;https:\/\/brametoder.se\/public\/wp-content\/uploads\/2019\/06\/coaching2.jpg&#8221; align_tablet=&#8221;center&#8221; align_last_edited=&#8221;on|desktop&#8221; _builder_version=&#8221;4.16&#8243; z_index_tablet=&#8221;500&#8243; global_colors_info=&#8221;{}&#8221; align_phone=&#8221;center&#8221;][\/et_pb_image][et_pb_text _builder_version=&#8221;4.27.3&#8243; hover_enabled=&#8221;0&#8243; z_index_tablet=&#8221;500&#8243; global_colors_info=&#8221;{}&#8221; sticky_enabled=&#8221;0&#8243;]<\/p>\n<div id=\"WPht7\" class=\"wp1\" title=\"\" data-exact-height=\"150.5096870342772\" data-content-padding-horizontal=\"0\" data-content-padding-vertical=\"0\" data-display-mode=\"fitWidth\">\n<div id=\"WPht7link\" class=\"wp1link\">\n<div id=\"WPht7img\" class=\"wp1img\" data-image-info=\"{&quot;imageData&quot;:{&quot;type&quot;:&quot;Image&quot;,&quot;id&quot;:&quot;cv2v&quot;,&quot;metaData&quot;:{&quot;pageId&quot;:&quot;component_71401&quot;,&quot;isPreset&quot;:false,&quot;schemaVersion&quot;:&quot;2.0&quot;,&quot;isHidden&quot;:false},&quot;title&quot;:&quot;&quot;,&quot;uri&quot;:&quot;57ad68_b23bcaa1c9f77f20751497ddc76a91df.jpg&quot;,&quot;description&quot;:&quot;&quot;,&quot;width&quot;:671,&quot;height&quot;:384,&quot;alt&quot;:&quot;&quot;},&quot;displayMode&quot;:&quot;fitWidth&quot;}\" data-has-bg-scroll-effect=\"\" data-style=\"\">\u00a0<\/div>\n<\/div>\n<\/div>\n<div id=\"WPht8\" class=\"wp1\" title=\"\" data-exact-height=\"155\" data-content-padding-horizontal=\"0\" data-content-padding-vertical=\"0\" data-display-mode=\"fill\">\n<div id=\"WPht8link\" class=\"wp1link\">\n<h1 id=\"WPht8img\" class=\"wp1img\" data-image-info=\"{&quot;imageData&quot;:{&quot;type&quot;:&quot;Image&quot;,&quot;id&quot;:&quot;c1kct&quot;,&quot;metaData&quot;:{&quot;pageId&quot;:&quot;component_71401&quot;,&quot;isPreset&quot;:false,&quot;schemaVersion&quot;:&quot;2.0&quot;,&quot;isHidden&quot;:false},&quot;title&quot;:&quot;&quot;,&quot;uri&quot;:&quot;57ad68_e4b5e7b03c60b6a213d1deef2456bca0.jpg&quot;,&quot;description&quot;:&quot;&quot;,&quot;width&quot;:1280,&quot;height&quot;:960,&quot;alt&quot;:&quot;&quot;},&quot;displayMode&quot;:&quot;fill&quot;}\"><span class=\"font_6\">PT &#8211; personlig tr\u00e4nare<\/span><\/h1>\n<\/div>\n<\/div>\n<div id=\"WRchTxth\" class=\"txtNew\" data-packed=\"false\">\n<p><span class=\"font_8\">Vi erbjuder en PT som deltar i v\u00e5ra kunders kreativa probleml\u00f6sning med metoder och strukturerade ansatser. Det kan g\u00e4lla att hj\u00e4lpa en grupp, som k\u00f6rt fast i en fr\u00e5gest\u00e4llning, att komma vidare i sin process, eller att storma fram ett id\u00e9underlag f\u00f6r en kommande satsning, kampanj, aff\u00e4rsutveckling etc.<\/span><\/p>\n<p><span class=\"font_8\">Ibland \u00e4r det en individ som beh\u00f6ver st\u00f6d i form av inspel fr\u00e5n en PT med en kompletterande erfarenhets- och referensram.<\/span><span class=\"font_8\"> Att tillsammans snabbt utveckla ett uppl\u00e4gg f\u00f6r en uppgifts l\u00f6sande, d\u00e4r bepr\u00f6vade metoder kombineras med praktiska erfarenheter, kan bli din b\u00e4sta investering.<\/span><\/p>\n<\/div>\n<p>[\/et_pb_text][\/et_pb_column][\/et_pb_row][\/et_pb_section]<\/p>\n","protected":false},"excerpt":{"rendered":"<p>V\u00e5ra tj\u00e4nster\u00a0 Kurser Vi har b\u00e5de f\u00e4rdiga och anpassade kurser. Vanligast \u00e4r introduktionskurser, d\u00e4r deltagarna under n\u00e5gra timmar f\u00e5r m\u00f6jlighet att pr\u00f6va ett urval av v\u00e5ra metoder. Vi ger \u00e4ven mer ing\u00e5ende kurser i olika metoder, bl.a. lateralt och parallellt t\u00e4nkande. F\u00f6r den som s\u00f6ker ett annorlunda och utvecklande inneh\u00e5ll f\u00f6r en Kick-Off, ett Team-building\u00adm\u00f6te [&hellip;]<\/p>\n","protected":false},"author":1,"featured_media":0,"parent":0,"menu_order":30,"comment_status":"closed","ping_status":"closed","template":"","meta":{"_et_pb_use_builder":"on","_et_pb_old_content":"","_et_gb_content_width":"","footnotes":""},"class_list":["post-75","page","type-page","status-publish","hentry"],"aioseo_notices":[],"_links":{"self":[{"href":"https:\/\/brametoder.se\/public\/wp-json\/wp\/v2\/pages\/75","targetHints":{"allow":["GET"]}}],"collection":[{"href":"https:\/\/brametoder.se\/public\/wp-json\/wp\/v2\/pages"}],"about":[{"href":"https:\/\/brametoder.se\/public\/wp-json\/wp\/v2\/types\/page"}],"author":[{"embeddable":true,"href":"https:\/\/brametoder.se\/public\/wp-json\/wp\/v2\/users\/1"}],"replies":[{"embeddable":true,"href":"https:\/\/brametoder.se\/public\/wp-json\/wp\/v2\/comments?post=75"}],"version-history":[{"count":8,"href":"https:\/\/brametoder.se\/public\/wp-json\/wp\/v2\/pages\/75\/revisions"}],"predecessor-version":[{"id":142,"href":"https:\/\/brametoder.se\/public\/wp-json\/wp\/v2\/pages\/75\/revisions\/142"}],"wp:attachment":[{"href":"https:\/\/brametoder.se\/public\/wp-json\/wp\/v2\/media?parent=75"}],"curies":[{"name":"wp","href":"https:\/\/api.w.org\/{rel}","templated":true}]}}